{"id":3,"date":"2024-07-21T14:34:42","date_gmt":"2024-07-21T17:34:42","guid":{"rendered":"https:\/\/diariodelujan.com\/xdeporte\/?page_id=3"},"modified":"2024-07-29T17:00:49","modified_gmt":"2024-07-29T20:00:49","slug":"politica-privacidad","status":"publish","type":"page","link":"https:\/\/diariodelujan.com\/xdeporte\/politica-privacidad\/","title":{"rendered":"Pol\u00edtica de privacidad"},"content":{"rendered":"<p><em>Bienvenido a Por Deporte la secci\u00f3n deportiva de Diariodelujan.com, donde te ofrecemos toda la actualidad deportiva. <\/em><!--more--><\/p>\n<p><em>Nos comprometemos a proteger la privacidad de la informaci\u00f3n personal que recopilamos, procesamos y almacenamos.<\/em><\/p>\n<p><strong>Informaci\u00f3n que Recopilamos.<\/strong><\/p>\n<p>Recopilamos informaci\u00f3n que nos proporcionas directamente, como nombre, direcci\u00f3n de correo electr\u00f3nico, informaci\u00f3n de contacto y detalles de facturaci\u00f3n. Tambi\u00e9n recopilamos informaci\u00f3n autom\u00e1ticamente a trav\u00e9s del uso de nuestros servicios, como direcciones IP, cookies y datos de navegaci\u00f3n.<\/p>\n<p><strong>Uso de la Informaci\u00f3n<\/strong><\/p>\n<p>Utilizamos la informaci\u00f3n recopilada para proporcionar y mejorar nuestros servicios, personalizar la experiencia del usuario, procesar transacciones y enviar comunicaciones relacionadas con nuestros servicios. No vendemos, alquilamos ni compartimos informaci\u00f3n personal con terceros no afiliados, excepto cuando sea necesario para cumplir con fines legales o mejorar nuestros servicios.<\/p>\n<p><strong> Seguridad de la Informaci\u00f3n<\/strong><\/p>\n<p>Implementamos medidas de seguridad para proteger la privacidad y la informaci\u00f3n personal contra accesos no autorizados, alteraciones, divulgaciones o destrucciones no autorizadas. Sin embargo, ten en cuenta que ninguna transmisi\u00f3n por Internet o m\u00e9todo de almacenamiento electr\u00f3nico es completamente seguro.<\/p>\n<p><strong>Derechos del Usuario<\/strong><\/p>\n<p>Los usuarios tienen el derecho de acceder, corregir, actualizar o eliminar su informaci\u00f3n personal. Si deseas ejercer estos derechos, contactanos a trav\u00e9s de <a href=\"xdeporte@diariodelujan.com\">xdeporte@diariodelujan.com<\/a><\/p>\n<p><strong>Cookies y Tecnolog\u00edas Similares<\/strong><\/p>\n<p>Utilizamos cookies y tecnolog\u00edas similares para mejorar la experiencia del usuario. Puedes gestionar las preferencias de cookies a trav\u00e9s de la configuraci\u00f3n de tu navegador.<\/p>\n<p><strong>Cambios en la Pol\u00edtica de Privacidad<\/strong><\/p>\n<p>Nos reservamos el derecho de actualizar esta pol\u00edtica en cualquier momento. Te notificaremos sobre cambios significativos a trav\u00e9s de los medios apropiados. La continuaci\u00f3n del uso de nuestros servicios despu\u00e9s de dichos cambios constituir\u00e1 tu aceptaci\u00f3n de las modificaciones.<\/p>\n<p><strong>Contacto<\/strong><\/p>\n<p>Si tienes preguntas o inquietudes sobre nuestra pol\u00edtica de privacidad, no dudes en contactarnos a trav\u00e9s de <a href=\"xdeporte@diariodelujan.com\">xdeporte@diariodelujan.com<\/a>.<\/p>\n","protected":false},"excerpt":{"rendered":"<p>Bienvenido a Por Deporte la secci\u00f3n deportiva de Diariodelujan.com, donde te ofrecemos toda la actualidad deportiva.<\/p>\n","protected":false},"author":4,"featured_media":14005,"parent":0,"menu_order":0,"comment_status":"closed","ping_status":"open","template":"","meta":{"tdm_status":"","tdm_grid_status":"","footnotes":""},"class_list":["post-3","page","type-page","status-publish","has-post-thumbnail"],"_links":{"self":[{"href":"https:\/\/diariodelujan.com\/xdeporte\/wp-json\/wp\/v2\/pages\/3","targetHints":{"allow":["GET"]}}],"collection":[{"href":"https:\/\/diariodelujan.com\/xdeporte\/wp-json\/wp\/v2\/pages"}],"about":[{"href":"https:\/\/diariodelujan.com\/xdeporte\/wp-json\/wp\/v2\/types\/page"}],"author":[{"embeddable":true,"href":"https:\/\/diariodelujan.com\/xdeporte\/wp-json\/wp\/v2\/users\/4"}],"replies":[{"embeddable":true,"href":"https:\/\/diariodelujan.com\/xdeporte\/wp-json\/wp\/v2\/comments?post=3"}],"version-history":[{"count":3,"href":"https:\/\/diariodelujan.com\/xdeporte\/wp-json\/wp\/v2\/pages\/3\/revisions"}],"predecessor-version":[{"id":14004,"href":"https:\/\/diariodelujan.com\/xdeporte\/wp-json\/wp\/v2\/pages\/3\/revisions\/14004"}],"wp:featuredmedia":[{"embeddable":true,"href":"https:\/\/diariodelujan.com\/xdeporte\/wp-json\/wp\/v2\/media\/14005"}],"wp:attachment":[{"href":"https:\/\/diariodelujan.com\/xdeporte\/wp-json\/wp\/v2\/media?parent=3"}],"curies":[{"name":"wp","href":"https:\/\/api.w.org\/{rel}","templated":true}]}}